{"id":1588,"date":"2020-01-13T11:17:40","date_gmt":"2020-01-13T10:17:40","guid":{"rendered":"http:\/\/www.pachlina.net\/stefan\/?page_id=1588"},"modified":"2020-01-13T11:17:41","modified_gmt":"2020-01-13T10:17:41","slug":"impressum","status":"publish","type":"page","link":"https:\/\/www.pachlina.net\/stefan\/impressum\/","title":{"rendered":"Impressum"},"content":{"rendered":"\n<p>Stefan Pachlina<br>Rosengasse 20<br>Siedlung Maria Theresia<br>2601 Eggendorf<br>\u00d6sterreich<\/p>\n\n\n\n<h2 class=\"wp-block-heading\">Kontakt:<\/h2>\n\n\n\n<figure class=\"wp-block-table\"><table class=\"\"><tbody><tr><td>Telefon:<\/td><td>+4369918223097<\/td><\/tr><tr><td>E-Mail:<\/td><td>stefan@pachlina.net<\/td><\/tr><\/tbody><\/table><\/figure>\n\n\n\n<h2 class=\"wp-block-heading\"><strong>Webhosting der Homepage<\/strong><\/h2>\n\n\n\n<p>World4You Internet Services GmbH<br>Hafenstra\u00dfe 47-51<br>4020 Linz<br>\u00d6sterreich<\/p>\n\n\n\n<p>Tel: +43 (0) 732 \/ 93035<br>Fax: +43 (0) 732 \/ 93035 10<br>E-Mail: <a href=\"mailto:office@world4you.com\">office@world4you.com<\/a><\/p>\n\n\n\n<h2 class=\"wp-block-heading\">Quellenangaben f\u00fcr die verwendeten Bilder und Grafiken:<\/h2>\n\n\n\n<p>S\u00e4mtliche verwendeten Bilder und Grafiken&nbsp;stammen von registrierten Mitgliedern, welche diese selbst hochgeladen haben und damit der Ver\u00f6ffentlichung unter Vogelfreunde.net zustimmen.<\/p>\n\n\n\n<h2 class=\"wp-block-heading\">Haftungsausschluss (Disclaimer)<\/h2>\n\n\n\n<p><strong>Haftung f\u00fcr Inhalte<\/strong><\/p>\n\n\n\n<p>Der Inhaber der Website ist bestrebt, die ver\u00f6ffentlichten Informationen immer aktuell und richtig zu halten, \u00fcbernimmt jedoch keine Verantwortung oder Haftung f\u00fcr die Aktualit\u00e4t und Richtigkeit sowie Vollst\u00e4ndigkeit der Inhalte. Insofern kann der Inhaber der Website f\u00fcr keinerlei Sch\u00e4den, die sich aus der Nutzung des Inhalts ergeben k\u00f6nnen, haftbar gemacht werden.<\/p>\n\n\n\n<p><strong>Urheberrecht<\/strong><\/p>\n\n\n\n<p>Die durch die Seitenbetreiber erstellten Inhalte und Werke auf diesen Seiten unterliegen dem \u00f6sterreichischen Urheberrecht. Die Vervielf\u00e4ltigung, Bearbeitung, Verbreitung und jede Art der Verwertung bed\u00fcrfen der schriftlichen Zustimmung des jeweiligen Autors bzw. Erstellers. Downloads und Kopien dieser Seite sind nur f\u00fcr den privaten, nicht kommerziellen Gebrauch gestattet. Soweit die Inhalte auf dieser Seite nicht vom Betreiber erstellt wurden, werden die Urheberrechte Dritter beachtet. Insbesondere werden Inhalte Dritter als solche gekennzeichnet. Sollten Sie trotzdem auf eine Urheberrechtsverletzung aufmerksam werden, bitten wir um einen entsprechenden Hinweis. Bei Bekanntwerden von Rechtsverletzungen werden wir derartige Inhalte umgehend entfernen.<\/p>\n\n\n\n<p><\/p>\n","protected":false},"excerpt":{"rendered":"<p>Stefan PachlinaRosengasse 20Siedlung Maria Theresia2601 Eggendorf\u00d6sterreich Kontakt: Telefon: +4369918223097 E-Mail: stefan@pachlina.net Webhosting der Homepage World4You Internet &hellip; <a title=\"Impressum\" class=\"hm-read-more\" href=\"https:\/\/www.pachlina.net\/stefan\/impressum\/\"><span class=\"screen-reader-text\">Impressum<\/span>Weiterlesen<\/a><\/p>\n","protected":false},"author":2,"featured_media":0,"parent":0,"menu_order":0,"comment_status":"closed","ping_status":"closed","template":"","meta":{"footnotes":""},"class_list":["post-1588","page","type-page","status-publish","hentry"],"_links":{"self":[{"href":"https:\/\/www.pachlina.net\/stefan\/wp-json\/wp\/v2\/pages\/1588","targetHints":{"allow":["GET"]}}],"collection":[{"href":"https:\/\/www.pachlina.net\/stefan\/wp-json\/wp\/v2\/pages"}],"about":[{"href":"https:\/\/www.pachlina.net\/stefan\/wp-json\/wp\/v2\/types\/page"}],"author":[{"embeddable":true,"href":"https:\/\/www.pachlina.net\/stefan\/wp-json\/wp\/v2\/users\/2"}],"replies":[{"embeddable":true,"href":"https:\/\/www.pachlina.net\/stefan\/wp-json\/wp\/v2\/comments?post=1588"}],"version-history":[{"count":1,"href":"https:\/\/www.pachlina.net\/stefan\/wp-json\/wp\/v2\/pages\/1588\/revisions"}],"predecessor-version":[{"id":1589,"href":"https:\/\/www.pachlina.net\/stefan\/wp-json\/wp\/v2\/pages\/1588\/revisions\/1589"}],"wp:attachment":[{"href":"https:\/\/www.pachlina.net\/stefan\/wp-json\/wp\/v2\/media?parent=1588"}],"curies":[{"name":"wp","href":"https:\/\/api.w.org\/{rel}","templated":true}]}}