{"id":3010,"date":"2024-07-08T15:34:50","date_gmt":"2024-07-08T13:34:50","guid":{"rendered":"http:\/\/www.pachlina.net\/stefan\/?page_id=3010"},"modified":"2026-02-23T13:22:40","modified_gmt":"2026-02-23T12:22:40","slug":"braunington-und-millstone-der-fall-dawson-hall","status":"publish","type":"page","link":"https:\/\/www.pachlina.net\/stefan\/braunington-und-millstone-der-fall-dawson-hall\/","title":{"rendered":"Braunington und Millstone &#8211; Der Fall Dawson Hall"},"content":{"rendered":"\n<div class=\"wp-block-media-text alignwide has-media-on-the-right is-vertically-aligned-center\" style=\"grid-template-columns:auto 42%\"><div class=\"wp-block-media-text__content\">\n<p class=\"has-normal-font-size\">England 1920. Mrs. Millstone verw\u00f6hnt als K\u00f6chin die Gaumen des englischen Adels und ger\u00e4t erneut in einen Mordfall. Detective Inspector William J. Braunington von Scotland Yard versucht mit viel Fingerspitzengef\u00fchl, den komplizierten und mysteri\u00f6sen Fall von Vergiftung im Hause des Wohlstands zu l\u00f6sen, vertraut dabei mehr und mehr dem Scharfsinn von Mrs. Millstone. Es kommt wie es kommen muss, ein weiterer Mord. Ein in der Vergangenheit tief vergrabenes R\u00e4tsel will gel\u00fcftet werden, fordert aber seinen Preis. <\/p>\n\n\n\n<p style=\"font-size:18px\"><a rel=\"noreferrer noopener\" aria-label=\"Leseprobe (\u00f6ffnet in neuem Tab)\" href=\"https:\/\/tredition.de\/autoren\/stefan-c-pachlina-29768\/braunington-und-millstone-paperback-125678\/\" target=\"_blank\">Leseprobe<\/a> beim Verlag Tredition<\/p>\n\n\n\n<p class=\"has-normal-font-size\"><strong>Unter anderem zu finden bei:<\/strong><br><a rel=\"noreferrer noopener\" aria-label=\"Verlag Tredition (\u00f6ffnet in neuem Tab)\" href=\"https:\/\/tredition.de\/autoren\/stefan-c-pachlina-29768\/braunington-und-millstone-paperback-125678\/\" target=\"_blank\">Verlag Tredition<\/a><br><a rel=\"noreferrer noopener\" aria-label=\"Thalia (\u00f6ffnet in neuem Tab)\" href=\"https:\/\/www.thalia.at\/suche?filterPATHROOT=&amp;sq=Braunington+und+Millstone\" target=\"_blank\">Thalia<\/a><br><a rel=\"noreferrer noopener\" aria-label=\"Morawa (\u00f6ffnet in neuem Tab)\" href=\"https:\/\/www.morawa.at\/detail\/ISBN-9783749787623\/Pachlina-Stefan-C.\/Braunington-und-Millstone\" target=\"_blank\">Morawa<\/a><br><a rel=\"noreferrer noopener\" aria-label=\"Amazon (\u00f6ffnet in neuem Tab)\" href=\"https:\/\/www.amazon.de\/Braunington-Millstone-Fall-Dawson-Hall\/dp\/374978762X\/ref=tmm_pap_swatch_0?_encoding=UTF8\" target=\"_blank\">Amazon<\/a><br><a rel=\"noreferrer noopener\" aria-label=\"Kral (\u00f6ffnet in neuem Tab)\" href=\"https:\/\/www.kral-buch.at\/list?quick=braunington+und+millstone\" target=\"_blank\">Kral-Buch<\/a><br><a rel=\"noreferrer noopener\" aria-label=\"B\u00fccher.de (\u00f6ffnet in neuem Tab)\" href=\"https:\/\/www.buecher.de\/shop\/buecher\/braunington-und-millstone\/pachlina-stefan-c-\/products_products\/detail\/prod_id\/58486205\/\" target=\"_blank\">B\u00fccher.de<\/a><br><a rel=\"noreferrer noopener\" aria-label=\"Apple Books (\u00f6ffnet in neuem Tab)\" href=\"https:\/\/books.apple.com\/de\/book\/braunington-und-millstone\/id1494673577?ign-mpt=uo%3D4\" target=\"_blank\">Apple Books<\/a><br><\/p>\n<\/div><figure class=\"wp-block-media-text__media\"><img loading=\"lazy\" decoding=\"async\" width=\"728\" height=\"553\" src=\"https:\/\/www.pachlina.net\/stefan\/wp-content\/uploads\/2020\/01\/Braunington_und_Millstone_Der_Fall_Dawson_Hall_mockup_004.jpg\" alt=\"\" class=\"wp-image-1608 size-full\" srcset=\"https:\/\/www.pachlina.net\/stefan\/wp-content\/uploads\/2020\/01\/Braunington_und_Millstone_Der_Fall_Dawson_Hall_mockup_004.jpg 728w, https:\/\/www.pachlina.net\/stefan\/wp-content\/uploads\/2020\/01\/Braunington_und_Millstone_Der_Fall_Dawson_Hall_mockup_004-300x228.jpg 300w\" sizes=\"auto, (max-width: 728px) 100vw, 728px\" \/><\/figure><\/div>\n\n\n\n<p class=\"has-text-align-center\">Der Buchladen <a rel=\"noreferrer noopener\" href=\"http:\/\/buecher-hikade.at\/\" target=\"_blank\">B\u00fccher Hikade<\/a> in Wr. Neustadt war so nett und stellte mein Buch in die Auslage.<br>&#8211;  <\/p>\n\n\n\n<figure class=\"wp-block-gallery aligncenter has-nested-images columns-2 is-cropped wp-block-gallery-1 is-layout-flex wp-block-gallery-is-layout-flex\">\n<figure class=\"wp-block-image size-full\"><img loading=\"lazy\" decoding=\"async\" width=\"960\" height=\"720\" data-id=\"1628\" src=\"https:\/\/www.pachlina.net\/stefan\/wp-content\/uploads\/2020\/08\/buecher_hikade_1.jpg\" alt=\"\" class=\"wp-image-1628\" srcset=\"https:\/\/www.pachlina.net\/stefan\/wp-content\/uploads\/2020\/08\/buecher_hikade_1.jpg 960w, https:\/\/www.pachlina.net\/stefan\/wp-content\/uploads\/2020\/08\/buecher_hikade_1-300x225.jpg 300w, https:\/\/www.pachlina.net\/stefan\/wp-content\/uploads\/2020\/08\/buecher_hikade_1-768x576.jpg 768w\" sizes=\"auto, (max-width: 960px) 100vw, 960px\" \/><\/figure>\n\n\n\n<figure class=\"wp-block-image size-full\"><img loading=\"lazy\" decoding=\"async\" width=\"960\" height=\"720\" data-id=\"1629\" src=\"https:\/\/www.pachlina.net\/stefan\/wp-content\/uploads\/2020\/08\/buecher_hikade_2.jpg\" alt=\"\" class=\"wp-image-1629\" srcset=\"https:\/\/www.pachlina.net\/stefan\/wp-content\/uploads\/2020\/08\/buecher_hikade_2.jpg 960w, https:\/\/www.pachlina.net\/stefan\/wp-content\/uploads\/2020\/08\/buecher_hikade_2-300x225.jpg 300w, https:\/\/www.pachlina.net\/stefan\/wp-content\/uploads\/2020\/08\/buecher_hikade_2-768x576.jpg 768w\" sizes=\"auto, (max-width: 960px) 100vw, 960px\" \/><\/figure>\n\n\n\n<figure class=\"wp-block-image size-full\"><img loading=\"lazy\" decoding=\"async\" width=\"640\" height=\"496\" data-id=\"1627\" src=\"https:\/\/www.pachlina.net\/stefan\/wp-content\/uploads\/2020\/08\/braunington_und_millstone_buecher_hikade.jpg\" alt=\"\" class=\"wp-image-1627\" srcset=\"https:\/\/www.pachlina.net\/stefan\/wp-content\/uploads\/2020\/08\/braunington_und_millstone_buecher_hikade.jpg 640w, https:\/\/www.pachlina.net\/stefan\/wp-content\/uploads\/2020\/08\/braunington_und_millstone_buecher_hikade-300x233.jpg 300w\" sizes=\"auto, (max-width: 640px) 100vw, 640px\" \/><\/figure>\n<\/figure>\n\n\n\n<p><\/p>\n\n\n\n<div class=\"wp-block-media-text alignwide has-media-on-the-right is-stacked-on-mobile is-vertically-aligned-top\" style=\"grid-template-columns:auto 22%\"><div class=\"wp-block-media-text__content\">\n<p class=\"has-normal-font-size\"><strong>Fragen von Lesern und Interessierten:<\/strong><br>F: Wann wird es Teil 2 zu lesen geben?<br>A: Vermutlich Q1\/2021<br>&#8211;<br>F: Werden es wieder ~200 Seiten?<br>A: Eher ~400 Seiten.<br>&#8211;<br>F: Wieso die 1920er Jahre?<br>A: Fr\u00fcher war alles einfach viel besser \ud83d\ude00<br>&#8211;<br>F: Welchen Tee bereitet Mrs. Millstone zu?<br>A: Das ist aktuell noch ein Geheimnis, wird aber in einem weiteren Buch gel\u00fcftet.<br>&#8211;<br>F: Wieso die roten Schuhe und der Stock? Was ist der Grund daf\u00fcr?<br>A: Das wird in ferner Zukunft erkl\u00e4rt. Wom\u00f6glich in einer eigenen Geschichte verpackt.<br>&#8211;<br>F: Wie viele B\u00fccher wird es von dieser Serie geben?<br>A: 6 neue Geschichten schwirren in meinem Kopf, es werden mehr und mehr, daher bleibt dies offen, kann ich nicht sagen. Ich sehe jetzt noch kein Ende, will ich auch nicht.<br>&#8211;<br>F: Hat Mrs. Millstone etwas mit Miss Marple zu tun? Man erkennt \u00c4hnlichkeiten.<br>A: Ja und nein, beide &#8222;schn\u00fcffeln&#8220; gerne, sind sich aber sonst fremd. Ich f\u00fchle mich nat\u00fcrlich geehrt mit derartigen Gr\u00f6\u00dfen gemeinsam genannt zu werden, also nicht ich, sondern Mrs. Millstone.<br>&#8211;<br>F: An welchem Titel arbeitest du gerade?<br>A: Das Corbin Manor Problem<br>&#8211;<br>F: Wird Teil 2 \u00e4hnlich dem ersten Teil?<br>A: Nein \u2026 es ist kompliziert \ud83d\ude00<br>&#8211;<br>F: Mrs. oder Miss?<br>A: Mrs. = ist\/war verheiratet, Miss = unverheiratet, Fr\u00e4ulein<br>&#8211;<br>F: Was ist mit den Geschichten im Hintergrund, \u00fcber alte und offene F\u00e4lle?<br>A: Ja ja, das ist so eine Sache mit den 9 toten M\u00e4dchen. \ud83d\ude09<br>&#8211;<br>F: Ist jeder Teil abgeschlossen?<br>A: Ja, jede Geschichte ist f\u00fcr sich abgeschlossen, es ist aber so, dass sich mit Teil 1 eine Geschichte \u00fcber einige B\u00fccher erstrecken wird, als Hintergrundstory, welche in einer eigenen Geschichte abgehandelt wird.<br>&#8211;<br><strong>Danke f\u00fcr das Interesse, das freut mich nat\u00fcrlich sehr!<\/strong><\/p>\n<\/div><figure class=\"wp-block-media-text__media\"><img loading=\"lazy\" decoding=\"async\" width=\"960\" height=\"750\" src=\"https:\/\/www.pachlina.net\/stefan\/wp-content\/uploads\/2020\/08\/braunington_und_millstone_faq.jpg\" alt=\"\" class=\"wp-image-1637 size-full\" srcset=\"https:\/\/www.pachlina.net\/stefan\/wp-content\/uploads\/2020\/08\/braunington_und_millstone_faq.jpg 960w, https:\/\/www.pachlina.net\/stefan\/wp-content\/uploads\/2020\/08\/braunington_und_millstone_faq-300x234.jpg 300w, https:\/\/www.pachlina.net\/stefan\/wp-content\/uploads\/2020\/08\/braunington_und_millstone_faq-768x600.jpg 768w\" sizes=\"auto, (max-width: 960px) 100vw, 960px\" \/><\/figure><\/div>\n","protected":false},"excerpt":{"rendered":"<p>England 1920. Mrs. Millstone verw\u00f6hnt als K\u00f6chin die Gaumen des englischen Adels und ger\u00e4t erneut in &hellip; <a title=\"Braunington und Millstone &#8211; Der Fall Dawson Hall\" class=\"hm-read-more\" href=\"https:\/\/www.pachlina.net\/stefan\/braunington-und-millstone-der-fall-dawson-hall\/\"><span class=\"screen-reader-text\">Braunington und Millstone &#8211; Der Fall Dawson Hall<\/span>Weiterlesen<\/a><\/p>\n","protected":false},"author":2,"featured_media":0,"parent":0,"menu_order":0,"comment_status":"closed","ping_status":"closed","template":"","meta":{"footnotes":""},"class_list":["post-3010","page","type-page","status-publish","hentry"],"_links":{"self":[{"href":"https:\/\/www.pachlina.net\/stefan\/wp-json\/wp\/v2\/pages\/3010","targetHints":{"allow":["GET"]}}],"collection":[{"href":"https:\/\/www.pachlina.net\/stefan\/wp-json\/wp\/v2\/pages"}],"about":[{"href":"https:\/\/www.pachlina.net\/stefan\/wp-json\/wp\/v2\/types\/page"}],"author":[{"embeddable":true,"href":"https:\/\/www.pachlina.net\/stefan\/wp-json\/wp\/v2\/users\/2"}],"replies":[{"embeddable":true,"href":"https:\/\/www.pachlina.net\/stefan\/wp-json\/wp\/v2\/comments?post=3010"}],"version-history":[{"count":13,"href":"https:\/\/www.pachlina.net\/stefan\/wp-json\/wp\/v2\/pages\/3010\/revisions"}],"predecessor-version":[{"id":5035,"href":"https:\/\/www.pachlina.net\/stefan\/wp-json\/wp\/v2\/pages\/3010\/revisions\/5035"}],"wp:attachment":[{"href":"https:\/\/www.pachlina.net\/stefan\/wp-json\/wp\/v2\/media?parent=3010"}],"curies":[{"name":"wp","href":"https:\/\/api.w.org\/{rel}","templated":true}]}}