{"id":832,"date":"2018-06-04T10:03:38","date_gmt":"2018-06-04T08:03:38","guid":{"rendered":"http:\/\/www.pachlina.net\/stefan\/?page_id=832"},"modified":"2018-06-04T10:04:23","modified_gmt":"2018-06-04T08:04:23","slug":"datenschutzerklaerung","status":"publish","type":"page","link":"https:\/\/www.pachlina.net\/stefan\/datenschutzerklaerung\/","title":{"rendered":"Datenschutzerkl\u00e4rung"},"content":{"rendered":"<h1>Datenschutzerkl\u00e4rung<\/h1>\n<p>Der Schutz Ihrer pers\u00f6nlichen Daten ist uns ein besonderes Anliegen. Wir verarbeiten Ihre Daten daher ausschlie\u00dflich auf Grundlage der gesetzlichen Bestimmungen (DSGVO). In diesen Datenschutzinformationen informieren wir Sie \u00fcber die wichtigsten Aspekte der Datenverarbeitung im Rahmen unserer Website.<br \/>\nDie Nutzung unserer privaten Webseite ist in der Regel ohne Angabe personenbezogener Daten m\u00f6glich. Soweit auf unseren Seiten personenbezogene Daten (<em>beispielsweise Name, Anschrift oder E-Mail-Adressen<\/em>) erhoben werden, erfolgt dies, soweit m\u00f6glich, stets auf freiwilliger Basis. Diese Daten werden ohne Ihre ausdr\u00fcckliche Zustimmung nicht an Dritte weitergegeben.<br \/>\nWir weisen darauf hin, dass die Daten\u00fcbertragung im Internet (<em>z.B. bei der Kommunikation per E-Mail<\/em>) Sicherheitsl\u00fccken aufweisen kann. Ein l\u00fcckenloser Schutz der Daten vor dem Zugriff durch Dritte ist nicht m\u00f6glich.<\/p>\n<h2>Datenkategorien, welche gespeichert werden<\/h2>\n<h4>Registrierte Autoren<\/h4>\n<ul>\n<li>Name<\/li>\n<li>Benutzername<\/li>\n<li>eMail-Adresse<\/li>\n<li>IP-Adresse<\/li>\n<\/ul>\n<p><strong>Registirerte Abonenten<\/strong><\/p>\n<ul>\n<li>Benutzername<\/li>\n<li>eMail-Adresse<\/li>\n<li>IP-Adresse<\/li>\n<\/ul>\n<p><strong>Besucher:<\/strong><\/p>\n<ul>\n<li>IP-Adresse<\/li>\n<\/ul>\n<h2>Kontakt mit uns<\/h2>\n<p>Wenn Sie per Formular auf der Website oder per E-Mail Kontakt mit uns aufnehmen, werden Ihre angegebenen Daten zwecks Bearbeitung der Anfrage und f\u00fcr den Fall von Anschlussfragen sechs Monate bei uns gespeichert. Diese Daten geben wir nicht ohne Ihre Einwilligung weiter.<\/p>\n<h4>Kommentare<\/h4>\n<p>Wenn registrierte Benutzer Kommentare auf der Website schreiben, sammeln wir die Daten, die im Kommentar-Formular angezeigt werden, au\u00dferdem den Benutzernamen und die IP-Adresse des Besuchers. Besucher, welche nicht angemeldet sind, k\u00f6nnen keine Kommentare hinterlassen.<\/p>\n<h2>Medien<\/h2>\n<p>Registirierte Benutzer haben beim Hochladen von Fotos auf diese Website zu vermeiden, dass Fotos mit EXIF-GPS-Standort-Daten hochgeladen werden. Besucher dieser Website k\u00f6nnten Fotos, die auf dieser Website gespeichert sind, herunterladen und deren Standort-Informationen extrahieren.<\/p>\n<h2>Dauer Datenhaltung<\/h2>\n<p>Wenn Sie einen Kommentar oder Beitrag schreiben bzw. Fotos hochladen, werden diese Daten inklusive Metadaten zeitlich unbegrenzt, bis auf Widerruf gespeichert. Auf diese Art k\u00f6nnen wir Folgekommentare bzw. verweisende Beitr\u00e4ge etc. automatisch erkennen und freigeben sowie broken Links vermeiden.<\/p>\n<p>F\u00fcr Benutzer, die sich auf unserer Website registrieren, speichern wir zus\u00e4tzlich die pers\u00f6nlichen Informationen, die sie in ihren Benutzerprofilen angeben. Alle Benutzer k\u00f6nnen jederzeit ihre pers\u00f6nlichen Informationen einsehen, ver\u00e4ndern oder l\u00f6schen (<em>der Benutzername kann nicht ver\u00e4ndert werden<\/em>). Administratoren der Website k\u00f6nnen diese Informationen ebenfalls einsehen und ver\u00e4ndern.<\/p>\n<h2>Cookies<\/h2>\n<p>Unsere Website verwendet so genannte Cookies. Dabei handelt es sich um kleine Textdateien, die mit Hilfe des Browsers auf Ihrem Endger\u00e4t abgelegt werden. Sie richten keinen Schaden an. Wir nutzen Cookies dazu, unser Angebot nutzerfreundlich zu gestalten. Einige Cookies bleiben auf Ihrem Endger\u00e4t gespeichert, bis Sie diese l\u00f6schen. Sie erm\u00f6glichen es uns, Ihren Browser beim n\u00e4chsten Besuch wiederzuerkennen. Wenn Sie dies nicht w\u00fcnschen, so k\u00f6nnen Sie Ihren Browser so einrichten, dass er Sie \u00fcber das Setzen von Cookies informiert und Sie dies nur im Einzelfall erlauben. Bei der Deaktivierung von Cookies kann die Funktionalit\u00e4t unserer Website eingeschr\u00e4nkt sein.<\/p>\n<h2>Ihre Rechte<\/h2>\n<p>Ihnen stehen grunds\u00e4tzlich die Rechte auf Auskunft, Berichtigung, L\u00f6schung, Einschr\u00e4nkung, Daten\u00fcbertragbarkeit, Widerruf und Widerspruch zu. Wenn Sie glauben, dass die Verarbeitung Ihrer Daten gegen das Datenschutzrecht verst\u00f6\u00dft oder Ihre datenschutzrechtlichen Anspr\u00fcche sonst in einer Weise verletzt worden sind, k\u00f6nnen Sie sich bei der Aufsichtsbeh\u00f6rde beschweren. In \u00d6sterreich ist dies die Datenschutzbeh\u00f6rde.<\/p>\n<p>Wenn Sie ein Benutzerkonto auf dieser Website besitzen und Kommentare oder Beitr\u00e4ge geschrieben haban, k\u00f6nnen Sie einen Export der personenbezogenen Daten bei uns anfordern, inklusive aller Daten, die Sie uns mitgeteilt haben. Dar\u00fcber hinaus k\u00f6nnen Sie die L\u00f6schung aller personenbezogenen Daten, die wir von Ihnen gespeichert haben, anfordern. Dies umfasst nicht die Daten, die wir aufgrund administrativer, rechtlicher oder sicherheitsrelevanter Notwendigkeiten aufbewahren m\u00fcssen.<\/p>\n<h2>L\u00f6schprozess:<\/h2>\n<p>Benutzerkonten werden, sobald die Benutzer nicht mehr bei pachlina.net aktiv sind, umgehend gel\u00f6scht bzw. Daten nach Wunsch anonymisiert.<\/p>\n<p>&nbsp;<\/p>\n<h3>Webhosting der Homepage<\/h3>\n<p>World4You Internet Services GmbH<br \/>\nHafenstra\u00dfe 47-51<br \/>\n4020 Linz<br \/>\n\u00d6sterreich<\/p>\n<p>Tel: +43 (0) 732 \/ 93035<br \/>\nFax: +43 (0) 732 \/ 93035 10<br \/>\nE-Mail: office@world4you.com<\/p>\n<p>&nbsp;<\/p>\n<p><strong>Datenschutzerkl\u00e4rung f\u00fcr die Nutzung von Twitter<\/strong><\/p>\n<p>Auf unseren Seiten sind Funktionen des Dienstes Twitter eingebunden. Diese Funktionen werden angeboten durch die Twitter Inc., 1355 Market Street, Suite 900, San Francisco, CA 94103, USA. Durch das Benutzen von Twitter und der Funktion &#8222;Re-Tweet&#8220; werden die von Ihnen besuchten Webseiten mit Ihrem Twitter-Account verkn\u00fcpft und anderen Nutzern bekannt gegeben. Dabei werden auch Daten an Twitter \u00fcbertragen. Wir weisen darauf hin, dass wir als Anbieter der Seiten keine Kenntnis vom Inhalt der \u00fcbermittelten Daten sowie deren Nutzung durch Twitter erhalten. Weitere Informationen hierzu finden Sie in der Datenschutzerkl\u00e4rung von Twitter unter <a href=\"http:\/\/twitter.com\/privacy\"><u>http:\/\/twitter.com\/privacy<\/u><\/a>.<\/p>\n<p>Ihre Datenschutzeinstellungen bei Twitter k\u00f6nnen Sie in den Konto-Einstellungen unter <a href=\"http:\/\/twitter.com\/account\/settings\"><u>http:\/\/twitter.com\/account\/settings<\/u><\/a> \u00e4ndern.<\/p>\n","protected":false},"excerpt":{"rendered":"<p>Datenschutzerkl\u00e4rung Der Schutz Ihrer pers\u00f6nlichen Daten ist uns ein besonderes Anliegen. Wir verarbeiten Ihre Daten daher &hellip; <a title=\"Datenschutzerkl\u00e4rung\" class=\"hm-read-more\" href=\"https:\/\/www.pachlina.net\/stefan\/datenschutzerklaerung\/\"><span class=\"screen-reader-text\">Datenschutzerkl\u00e4rung<\/span>Weiterlesen<\/a><\/p>\n","protected":false},"author":2,"featured_media":0,"parent":0,"menu_order":0,"comment_status":"closed","ping_status":"closed","template":"","meta":{"footnotes":""},"class_list":["post-832","page","type-page","status-publish","hentry"],"_links":{"self":[{"href":"https:\/\/www.pachlina.net\/stefan\/wp-json\/wp\/v2\/pages\/832","targetHints":{"allow":["GET"]}}],"collection":[{"href":"https:\/\/www.pachlina.net\/stefan\/wp-json\/wp\/v2\/pages"}],"about":[{"href":"https:\/\/www.pachlina.net\/stefan\/wp-json\/wp\/v2\/types\/page"}],"author":[{"embeddable":true,"href":"https:\/\/www.pachlina.net\/stefan\/wp-json\/wp\/v2\/users\/2"}],"replies":[{"embeddable":true,"href":"https:\/\/www.pachlina.net\/stefan\/wp-json\/wp\/v2\/comments?post=832"}],"version-history":[{"count":2,"href":"https:\/\/www.pachlina.net\/stefan\/wp-json\/wp\/v2\/pages\/832\/revisions"}],"predecessor-version":[{"id":834,"href":"https:\/\/www.pachlina.net\/stefan\/wp-json\/wp\/v2\/pages\/832\/revisions\/834"}],"wp:attachment":[{"href":"https:\/\/www.pachlina.net\/stefan\/wp-json\/wp\/v2\/media?parent=832"}],"curies":[{"name":"wp","href":"https:\/\/api.w.org\/{rel}","templated":true}]}}